{"id":46,"date":"2026-05-12T12:31:24","date_gmt":"2026-05-12T10:31:24","guid":{"rendered":"http:\/\/ungarndeutsche-geretsried.de\/?page_id=46"},"modified":"2026-05-12T12:31:24","modified_gmt":"2026-05-12T10:31:24","slug":"datenschutz","status":"publish","type":"page","link":"https:\/\/ungarndeutsche-geretsried.de\/?page_id=46","title":{"rendered":"Datenschutz"},"content":{"rendered":"\n<div class=\"wp-block-cover alignfull is-light has-contrast-color has-text-color has-link-color wp-elements-76837850a00d8e644aac10926f3f5b48\" style=\"margin-top:0;margin-bottom:0;padding-top:var(--wp--preset--spacing--60);padding-right:var(--wp--preset--spacing--50);padding-bottom:var(--wp--preset--spacing--60);padding-left:var(--wp--preset--spacing--50)\"><span aria-hidden=\"true\" class=\"wp-block-cover__background has-base-background-color has-background-dim-100 has-background-dim\"><\/span><div class=\"wp-block-cover__inner-container has-global-padding is-layout-constrained wp-container-core-cover-is-layout-873ee6b1 wp-block-cover-is-layout-constrained\">\n<div class=\"wp-block-columns alignwide is-layout-flex wp-container-core-columns-is-layout-7ee84d44 wp-block-columns-is-layout-flex\">\n<div class=\"wp-block-column is-layout-flow wp-block-column-is-layout-flow\" style=\"flex-basis:65%\">\n<div class=\"wp-block-group is-vertical is-content-justification-stretch is-layout-flex wp-container-core-group-is-layout-353c4f5a wp-block-group-is-layout-flex\">\n<h2 class=\"wp-block-heading has-text-align-left\" style=\"font-size:clamp(8.042rem, 8.042rem + ((1vw - 0.2rem) * 21.895), 22rem);font-style:normal;font-weight:300;letter-spacing:-0.03em;line-height:1.4\">Hallo,<\/h2>\n\n\n\n<p class=\"is-style-text-subtitle is-style-text-subtitle--1\">Mein Name ist Nora Winslow Keene und ich bin eine engagierte Anw\u00e4ltin f\u00fcr \u00f6ffentliches Interesse. Ich lebe in Denver, Colorado, und setze mich seit Jahren f\u00fcr die Rechte von unterrepr\u00e4sentierten Arbeitnehmern ein. Als Absolventin der Stanford University spielte ich eine Schl\u00fcsselrolle bei der Durchsetzung wichtiger Schutzma\u00dfnahmen f\u00fcr Landarbeiter, die bessere L\u00f6hne und Zugang zu medizinischer Versorgung gew\u00e4hrleisten. Meine Arbeit konzentriert sich auf das Eintreten f\u00fcr Umweltgerechtigkeit und die Verbesserung der Lebensqualit\u00e4t in l\u00e4ndlichen Gemeinden. Jeder Fall, den ich \u00fcbernehme, ist von der \u00dcberzeugung getragen, dass jeder Mensch W\u00fcrde und eine faire Behandlung am Arbeitsplatz verdient.<\/p>\n<\/div>\n<\/div>\n\n\n\n<div class=\"wp-block-column is-layout-flow wp-block-column-is-layout-flow\" style=\"flex-basis:35%\">\n<div class=\"wp-block-group is-vertical is-content-justification-stretch is-nowrap is-layout-flex wp-container-core-group-is-layout-73b0033c wp-block-group-is-layout-flex\">\n<figure class=\"wp-block-image size-full\"><img decoding=\"async\" src=\"http:\/\/ungarndeutsche-geretsried.de\/wp-content\/themes\/twentytwentyfive\/assets\/images\/woman-splashing-water.webp\" alt=\"Frau am Strand, die mit Wasser spritzt.\" style=\"aspect-ratio:3\/4;object-fit:cover\"\/><\/figure>\n\n\n\n<p class=\"has-text-align-right has-x-large-font-size\" style=\"line-height:1.2\"><a href=\"#\">Instagram<\/a><br><a href=\"#\">LinkedIn<\/a><br><a href=\"#\">Aktuelles<\/a><\/p>\n<\/div>\n<\/div>\n<\/div>\n<\/div><\/div>\n","protected":false},"excerpt":{"rendered":"","protected":false},"author":1,"featured_media":0,"parent":0,"menu_order":0,"comment_status":"closed","ping_status":"closed","template":"","meta":{"footnotes":""},"class_list":["post-46","page","type-page","status-publish","hentry"],"_links":{"self":[{"href":"https:\/\/ungarndeutsche-geretsried.de\/index.php?rest_route=\/wp\/v2\/pages\/46","targetHints":{"allow":["GET"]}}],"collection":[{"href":"https:\/\/ungarndeutsche-geretsried.de\/index.php?rest_route=\/wp\/v2\/pages"}],"about":[{"href":"https:\/\/ungarndeutsche-geretsried.de\/index.php?rest_route=\/wp\/v2\/types\/page"}],"author":[{"embeddable":true,"href":"https:\/\/ungarndeutsche-geretsried.de\/index.php?rest_route=\/wp\/v2\/users\/1"}],"replies":[{"embeddable":true,"href":"https:\/\/ungarndeutsche-geretsried.de\/index.php?rest_route=%2Fwp%2Fv2%2Fcomments&post=46"}],"version-history":[{"count":1,"href":"https:\/\/ungarndeutsche-geretsried.de\/index.php?rest_route=\/wp\/v2\/pages\/46\/revisions"}],"predecessor-version":[{"id":47,"href":"https:\/\/ungarndeutsche-geretsried.de\/index.php?rest_route=\/wp\/v2\/pages\/46\/revisions\/47"}],"wp:attachment":[{"href":"https:\/\/ungarndeutsche-geretsried.de\/index.php?rest_route=%2Fwp%2Fv2%2Fmedia&parent=46"}],"curies":[{"name":"wp","href":"https:\/\/api.w.org\/{rel}","templated":true}]}}